{"id":31,"date":"2014-03-18T11:31:06","date_gmt":"2014-03-18T11:31:06","guid":{"rendered":"http:\/\/demo.themegrill.com\/spacious\/?page_id=31"},"modified":"2021-04-23T09:37:17","modified_gmt":"2021-04-23T07:37:17","slug":"contacto","status":"publish","type":"page","link":"https:\/\/manuelportela.es\/nutricionista\/contacto\/","title":{"rendered":"Contacto"},"content":{"rendered":"\n<h2>Estamos aqu\u00ed:<\/h2>\n\n\n\n<div class=\"wp-block-columns\">\n<div class=\"wp-block-column\">\n<iframe src=\"https:\/\/www.google.com\/maps\/embed?pb=!1m18!1m12!1m3!1d5908.556663186501!2d-8.705114145503172!3d42.22986637642221!2m3!1f0!2f0!3f0!3m2!1i1024!2i768!4f13.1!3m3!1m2!1s0xd2f63e4a2f38cdd%3A0xe8b02bb27c151fba!2sCharro%20Salud%20-%20Manuel%20Portela!5e0!3m2!1ses!2ses!4v1614253736161!5m2!1ses!2ses\" width=\"600\" height=\"300\" style=\"border:0;\" allowfullscreen=\"\" loading=\"lazy\"><\/iframe>\n<\/div>\n\n\n\n<div class=\"wp-block-column\">\n<iframe src=\"https:\/\/www.google.com\/maps\/embed?pb=!1m18!1m12!1m3!1d2940.0937349229375!2d-8.391972384303305!3d42.53206353221395!2m3!1f0!2f0!3f0!3m2!1i1024!2i768!4f13.1!3m3!1m2!1s0xd2f98cc0629daf1%3A0xdc26b9561cd9b17c!2sFarmacia%20Mar%C3%ADa%20Jes%C3%BAs%20Gamallo%20Morales!5e0!3m2!1ses!2ses!4v1614253507110!5m2!1ses!2ses\" width=\"600\" height=\"300\" style=\"border:0;\" allowfullscreen=\"\" loading=\"lazy\"><\/iframe>\n<\/div>\n<\/div>\n\n\n\n<hr class=\"wp-block-separator has-text-color has-background has-cyan-bluish-gray-background-color has-cyan-bluish-gray-color is-style-wide\"\/>\n\n\n\n<div class=\"wp-block-columns\">\n<div class=\"wp-block-column\">\n<div class=\"wp-block-columns\">\n<div class=\"wp-block-column\" style=\"flex-basis:100%\">\n<div class=\"wp-block-columns\">\n<div class=\"wp-block-column\" style=\"flex-basis:33.33%\">\n<div class=\"wp-block-image is-style-rounded\"><figure class=\"aligncenter size-large is-resized\"><a href=\"tel:+34986110003\"><img loading=\"lazy\" src=\"https:\/\/manuelportela.es\/nutricionista\/wp-content\/uploads\/2021\/02\/icono-telefono.png\" alt=\"\" class=\"wp-image-942\" width=\"75\" height=\"75\" srcset=\"https:\/\/manuelportela.es\/nutricionista\/wp-content\/uploads\/2021\/02\/icono-telefono.png 500w, https:\/\/manuelportela.es\/nutricionista\/wp-content\/uploads\/2021\/02\/icono-telefono-300x300.png 300w, https:\/\/manuelportela.es\/nutricionista\/wp-content\/uploads\/2021\/02\/icono-telefono-150x150.png 150w, https:\/\/manuelportela.es\/nutricionista\/wp-content\/uploads\/2021\/02\/icono-telefono-270x270.png 270w, https:\/\/manuelportela.es\/nutricionista\/wp-content\/uploads\/2021\/02\/icono-telefono-230x230.png 230w, https:\/\/manuelportela.es\/nutricionista\/wp-content\/uploads\/2021\/02\/icono-telefono-45x45.png 45w\" sizes=\"(max-width: 75px) 100vw, 75px\" \/><\/a><\/figure><\/div>\n<\/div>\n\n\n\n<div class=\"wp-block-column\" style=\"flex-basis:66.66%\">\n<h2 class=\"has-medium-font-size\"><strong>Tel\u00e9fono<\/strong>:<\/h2>\n\n\n\n<p class=\":link has-black-color has-text-color has-medium-font-size\"><a href=\"tel:+34986110003\" data-type=\"tel\" data-id=\"tel:+34986110003\">986 110 003<\/a><\/p>\n<\/div>\n<\/div>\n\n\n\n<div class=\"wp-block-columns\">\n<div class=\"wp-block-column\">\n<div class=\"wp-block-columns\">\n<div class=\"wp-block-column\" style=\"flex-basis:33.33%\">\n<div class=\"wp-block-image is-style-rounded\"><figure class=\"aligncenter size-large is-resized\"><a href=\"mailto:nutricion@manuelportela.es\"><img loading=\"lazy\" src=\"https:\/\/manuelportela.es\/nutricionista\/wp-content\/uploads\/2021\/02\/icono-email-1.png\" alt=\"\" class=\"wp-image-943\" width=\"75\" height=\"75\" srcset=\"https:\/\/manuelportela.es\/nutricionista\/wp-content\/uploads\/2021\/02\/icono-email-1.png 500w, https:\/\/manuelportela.es\/nutricionista\/wp-content\/uploads\/2021\/02\/icono-email-1-300x300.png 300w, https:\/\/manuelportela.es\/nutricionista\/wp-content\/uploads\/2021\/02\/icono-email-1-150x150.png 150w, https:\/\/manuelportela.es\/nutricionista\/wp-content\/uploads\/2021\/02\/icono-email-1-270x270.png 270w, https:\/\/manuelportela.es\/nutricionista\/wp-content\/uploads\/2021\/02\/icono-email-1-230x230.png 230w, https:\/\/manuelportela.es\/nutricionista\/wp-content\/uploads\/2021\/02\/icono-email-1-45x45.png 45w\" sizes=\"(max-width: 75px) 100vw, 75px\" \/><\/a><\/figure><\/div>\n<\/div>\n\n\n\n<div class=\"wp-block-column\" style=\"flex-basis:66.66%\">\n<h2 class=\"has-text-align-left has-medium-font-size\"><strong>Email<\/strong>:<\/h2>\n\n\n\n<p class=\"has-text-align-left has-black-color has-text-color has-medium-font-size\"><a href=\"mailto:nutricion@manuelportela.es\">nutricion@charrosalud.com<\/a><\/p>\n<\/div>\n<\/div>\n\n\n\n<div class=\"wp-block-columns\">\n<div class=\"wp-block-column\" style=\"flex-basis:33.33%\">\n<div class=\"wp-block-image is-style-rounded\"><figure class=\"aligncenter size-large is-resized\"><a href=\"skype:nutricion@charrosalud.com\"><img loading=\"lazy\" src=\"https:\/\/manuelportela.es\/nutricionista\/wp-content\/uploads\/2021\/02\/icono-skype.png\" alt=\"\" class=\"wp-image-940\" width=\"75\" height=\"75\" srcset=\"https:\/\/manuelportela.es\/nutricionista\/wp-content\/uploads\/2021\/02\/icono-skype.png 500w, https:\/\/manuelportela.es\/nutricionista\/wp-content\/uploads\/2021\/02\/icono-skype-300x300.png 300w, https:\/\/manuelportela.es\/nutricionista\/wp-content\/uploads\/2021\/02\/icono-skype-150x150.png 150w, https:\/\/manuelportela.es\/nutricionista\/wp-content\/uploads\/2021\/02\/icono-skype-270x270.png 270w, https:\/\/manuelportela.es\/nutricionista\/wp-content\/uploads\/2021\/02\/icono-skype-230x230.png 230w, https:\/\/manuelportela.es\/nutricionista\/wp-content\/uploads\/2021\/02\/icono-skype-45x45.png 45w\" sizes=\"(max-width: 75px) 100vw, 75px\" \/><\/a><\/figure><\/div>\n<\/div>\n\n\n\n<div class=\"wp-block-column\" style=\"flex-basis:66.66%\">\n<h2 class=\"has-text-align-left has-medium-font-size\"><strong>Skype<\/strong>:<\/h2>\n\n\n\n<p class=\"has-text-align-left has-black-color has-text-color has-medium-font-size\"><a href=\"skype:nutricion@charrosalud.com\" data-type=\"URL\" data-id=\"skype:nutricion@charrosalud.com\">nutricion@charrosalud.com<\/a><\/p>\n<\/div>\n<\/div>\n\n\n\n<div class=\"wp-block-columns\">\n<div class=\"wp-block-column\" style=\"flex-basis:33.33%\">\n<div class=\"wp-block-image is-style-rounded\"><figure class=\"aligncenter size-large is-resized\"><img loading=\"lazy\" src=\"https:\/\/manuelportela.es\/nutricionista\/wp-content\/uploads\/2021\/02\/icono-whatsapp-copia.png\" alt=\"\" class=\"wp-image-944\" width=\"75\" height=\"75\" srcset=\"https:\/\/manuelportela.es\/nutricionista\/wp-content\/uploads\/2021\/02\/icono-whatsapp-copia.png 500w, https:\/\/manuelportela.es\/nutricionista\/wp-content\/uploads\/2021\/02\/icono-whatsapp-copia-300x300.png 300w, https:\/\/manuelportela.es\/nutricionista\/wp-content\/uploads\/2021\/02\/icono-whatsapp-copia-150x150.png 150w, https:\/\/manuelportela.es\/nutricionista\/wp-content\/uploads\/2021\/02\/icono-whatsapp-copia-270x270.png 270w, https:\/\/manuelportela.es\/nutricionista\/wp-content\/uploads\/2021\/02\/icono-whatsapp-copia-230x230.png 230w, https:\/\/manuelportela.es\/nutricionista\/wp-content\/uploads\/2021\/02\/icono-whatsapp-copia-45x45.png 45w\" sizes=\"(max-width: 75px) 100vw, 75px\" \/><\/figure><\/div>\n<\/div>\n\n\n\n<div class=\"wp-block-column\" style=\"flex-basis:66.66%\">\n<h2 class=\"has-text-align-left has-medium-font-size\"><strong>WhatsApp<\/strong>:<\/h2>\n\n\n\n<p class=\"has-text-align-left has-black-color has-text-color has-medium-font-size\">696 056 324<\/p>\n<\/div>\n<\/div>\n<\/div>\n<\/div>\n<\/div>\n<\/div>\n<\/div>\n\n\n\n<div class=\"wp-block-column\">\n<h2>Puntos de asesoramiento nutricional:<\/h2>\n\n\n\n<div class=\"wp-block-columns\">\n<div class=\"wp-block-column is-vertically-aligned-bottom\" style=\"flex-basis:25%\">\n<div class=\"wp-block-image is-style-rounded\"><figure class=\"aligncenter size-large is-resized\"><a href=\"https:\/\/www.google.es\/maps\/place\/R%C3%BAa+Cristo,+4,+36205+Vigo,+Pontevedra\/@42.2307593,-8.7044466,18.25z\/data=!4m5!3m4!1s0xd2f62880f34e297:0xf8d4be203dfa41c5!8m2!3d42.230661!4d-8.7032901?hl=ca\"><img loading=\"lazy\" src=\"https:\/\/manuelportela.es\/nutricionista\/wp-content\/uploads\/2021\/02\/icono-posicion-2.png\" alt=\"\" class=\"wp-image-962\" width=\"75\" height=\"75\" srcset=\"https:\/\/manuelportela.es\/nutricionista\/wp-content\/uploads\/2021\/02\/icono-posicion-2.png 500w, https:\/\/manuelportela.es\/nutricionista\/wp-content\/uploads\/2021\/02\/icono-posicion-2-300x300.png 300w, https:\/\/manuelportela.es\/nutricionista\/wp-content\/uploads\/2021\/02\/icono-posicion-2-150x150.png 150w, https:\/\/manuelportela.es\/nutricionista\/wp-content\/uploads\/2021\/02\/icono-posicion-2-270x270.png 270w, https:\/\/manuelportela.es\/nutricionista\/wp-content\/uploads\/2021\/02\/icono-posicion-2-230x230.png 230w, https:\/\/manuelportela.es\/nutricionista\/wp-content\/uploads\/2021\/02\/icono-posicion-2-45x45.png 45w\" sizes=\"(max-width: 75px) 100vw, 75px\" \/><\/a><\/figure><\/div>\n<\/div>\n\n\n\n<div class=\"wp-block-column is-vertically-aligned-center\">\n<p class=\"has-text-align-left has-black-color has-text-color has-medium-font-size\"><a href=\"https:\/\/www.google.es\/maps\/place\/R%C3%BAa+Cristo,+4,+36205+Vigo,+Pontevedra\/@42.2307593,-8.7044466,18.25z\/data=!4m5!3m4!1s0xd2f62880f34e297:0xf8d4be203dfa41c5!8m2!3d42.230661!4d-8.7032901?hl=ca\" data-type=\"URL\" data-id=\"https:\/\/www.google.es\/maps\/place\/R%C3%BAa+Cristo,+4,+36205+Vigo,+Pontevedra\/@42.2307593,-8.7044466,18.25z\/data=!4m5!3m4!1s0xd2f62880f34e297:0xf8d4be203dfa41c5!8m2!3d42.230661!4d-8.7032901?hl=ca\">R\u00faa Cristo 4, Vigo (Pontevedra)<\/a><\/p>\n<\/div>\n<\/div>\n\n\n\n<div class=\"wp-block-columns\">\n<div class=\"wp-block-column is-vertically-aligned-bottom\" style=\"flex-basis:25%\">\n<div class=\"wp-block-image is-style-rounded\"><figure class=\"aligncenter size-large is-resized\"><a href=\"https:\/\/www.google.es\/maps\/place\/R%C3%BAa+de+Ourense,+42,+36130+Cernedo,+Pontevedra\/@42.5320635,-8.3919724,17z\/data=!3m1!4b1!4m5!3m4!1s0xd2f98ceb5042f1f:0xdc6a45ef676d456c!8m2!3d42.5320596!4d-8.3897837?hl=ca\"><img loading=\"lazy\" src=\"https:\/\/manuelportela.es\/nutricionista\/wp-content\/uploads\/2021\/02\/icono-posicion-3.png\" alt=\"\" class=\"wp-image-963\" width=\"75\" height=\"75\" srcset=\"https:\/\/manuelportela.es\/nutricionista\/wp-content\/uploads\/2021\/02\/icono-posicion-3.png 500w, https:\/\/manuelportela.es\/nutricionista\/wp-content\/uploads\/2021\/02\/icono-posicion-3-300x300.png 300w, https:\/\/manuelportela.es\/nutricionista\/wp-content\/uploads\/2021\/02\/icono-posicion-3-150x150.png 150w, https:\/\/manuelportela.es\/nutricionista\/wp-content\/uploads\/2021\/02\/icono-posicion-3-270x270.png 270w, https:\/\/manuelportela.es\/nutricionista\/wp-content\/uploads\/2021\/02\/icono-posicion-3-230x230.png 230w, https:\/\/manuelportela.es\/nutricionista\/wp-content\/uploads\/2021\/02\/icono-posicion-3-45x45.png 45w\" sizes=\"(max-width: 75px) 100vw, 75px\" \/><\/a><\/figure><\/div>\n<\/div>\n\n\n\n<div class=\"wp-block-column\">\n<p><\/p>\n\n\n\n<p class=\"has-black-color has-text-color has-medium-font-size\"><a href=\"https:\/\/www.google.es\/maps\/place\/R%C3%BAa+de+Ourense,+42,+36130+Cernedo,+Pontevedra\/@42.5320635,-8.3919724,17z\/data=!3m1!4b1!4m5!3m4!1s0xd2f98ceb5042f1f:0xdc6a45ef676d456c!8m2!3d42.5320596!4d-8.3897837?hl=ca\" data-type=\"URL\" data-id=\"https:\/\/www.google.es\/maps\/place\/R%C3%BAa+de+Ourense,+42,+36130+Cernedo,+Pontevedra\/@42.5320635,-8.3919724,17z\/data=!3m1!4b1!4m5!3m4!1s0xd2f98ceb5042f1f:0xdc6a45ef676d456c!8m2!3d42.5320596!4d-8.3897837?hl=ca\">R\u00faa Ourense 42, Cerdedo (Pontevedra)<\/a><\/p>\n<\/div>\n<\/div>\n\n\n\n<div style=\"height:100px\" aria-hidden=\"true\" class=\"wp-block-spacer\"><\/div>\n\n\n\n<h2>S\u00edguenos:<\/h2>\n\n\n\n<div class=\"wp-block-columns\">\n<div class=\"wp-block-column\">\n<div class=\"wp-block-image is-style-rounded\"><figure class=\"alignleft size-large is-resized\"><a href=\"https:\/\/twitter.com\/manuelportelanu\"><img loading=\"lazy\" src=\"https:\/\/manuelportela.es\/nutricionista\/wp-content\/uploads\/2021\/02\/icono-twitter-1024x1024.png\" alt=\"\" class=\"wp-image-946\" width=\"75\" height=\"75\" srcset=\"https:\/\/manuelportela.es\/nutricionista\/wp-content\/uploads\/2021\/02\/icono-twitter-1024x1024.png 1024w, https:\/\/manuelportela.es\/nutricionista\/wp-content\/uploads\/2021\/02\/icono-twitter-300x300.png 300w, https:\/\/manuelportela.es\/nutricionista\/wp-content\/uploads\/2021\/02\/icono-twitter-150x150.png 150w, https:\/\/manuelportela.es\/nutricionista\/wp-content\/uploads\/2021\/02\/icono-twitter-768x768.png 768w, https:\/\/manuelportela.es\/nutricionista\/wp-content\/uploads\/2021\/02\/icono-twitter-270x270.png 270w, https:\/\/manuelportela.es\/nutricionista\/wp-content\/uploads\/2021\/02\/icono-twitter-230x230.png 230w, https:\/\/manuelportela.es\/nutricionista\/wp-content\/uploads\/2021\/02\/icono-twitter-45x45.png 45w, https:\/\/manuelportela.es\/nutricionista\/wp-content\/uploads\/2021\/02\/icono-twitter.png 1500w\" sizes=\"(max-width: 75px) 100vw, 75px\" \/><\/a><\/figure><\/div>\n\n\n\n<p class=\"has-black-color has-text-color\"><strong><a href=\"https:\/\/twitter.com\/manuelportelanu\" data-type=\"URL\" data-id=\"https:\/\/twitter.com\/manuelportelanu\">@ManuelPortelaNU<\/a><\/strong><\/p>\n<\/div>\n\n\n\n<div class=\"wp-block-column\">\n<div class=\"wp-block-image is-style-rounded\"><figure class=\"alignleft size-large is-resized\"><a href=\"https:\/\/www.instagram.com\/manuelportelanutri\/?hl=es\"><img loading=\"lazy\" src=\"https:\/\/manuelportela.es\/nutricionista\/wp-content\/uploads\/2021\/02\/icono-instagram.png\" alt=\"\" class=\"wp-image-949\" width=\"75\" height=\"75\" srcset=\"https:\/\/manuelportela.es\/nutricionista\/wp-content\/uploads\/2021\/02\/icono-instagram.png 500w, https:\/\/manuelportela.es\/nutricionista\/wp-content\/uploads\/2021\/02\/icono-instagram-300x300.png 300w, https:\/\/manuelportela.es\/nutricionista\/wp-content\/uploads\/2021\/02\/icono-instagram-150x150.png 150w, https:\/\/manuelportela.es\/nutricionista\/wp-content\/uploads\/2021\/02\/icono-instagram-270x270.png 270w, https:\/\/manuelportela.es\/nutricionista\/wp-content\/uploads\/2021\/02\/icono-instagram-230x230.png 230w, https:\/\/manuelportela.es\/nutricionista\/wp-content\/uploads\/2021\/02\/icono-instagram-45x45.png 45w\" sizes=\"(max-width: 75px) 100vw, 75px\" \/><\/a><\/figure><\/div>\n\n\n\n<p class=\"has-black-color has-text-color\"><strong><a href=\"https:\/\/www.instagram.com\/manuelportelanutri\/?hl=es\" data-type=\"URL\" data-id=\"https:\/\/www.instagram.com\/manuelportelanutri\/?hl=es\">@manuelportelanutri<\/a><\/strong><\/p>\n<\/div>\n<\/div>\n<\/div>\n<\/div>\n\n\n\n<p><\/p>\n","protected":false},"excerpt":{"rendered":"<p>Estamos aqu\u00ed: Tel\u00e9fono: 986 110 003 Email: nutricion@charrosalud.com Skype: nutricion@charrosalud.com WhatsApp: 696 056 324 Puntos de asesoramiento nutricional: R\u00faa Cristo 4, Vigo (Pontevedra) R\u00faa Ourense 42, Cerdedo (Pontevedra) S\u00edguenos: @ManuelPortelaNU @manuelportelanutri<\/p>\n","protected":false},"author":1,"featured_media":0,"parent":0,"menu_order":0,"comment_status":"open","ping_status":"closed","template":"page-templates\/contact.php","meta":[],"_links":{"self":[{"href":"https:\/\/manuelportela.es\/nutricionista\/wp-json\/wp\/v2\/pages\/31"}],"collection":[{"href":"https:\/\/manuelportela.es\/nutricionista\/wp-json\/wp\/v2\/pages"}],"about":[{"href":"https:\/\/manuelportela.es\/nutricionista\/wp-json\/wp\/v2\/types\/page"}],"author":[{"embeddable":true,"href":"https:\/\/manuelportela.es\/nutricionista\/wp-json\/wp\/v2\/users\/1"}],"replies":[{"embeddable":true,"href":"https:\/\/manuelportela.es\/nutricionista\/wp-json\/wp\/v2\/comments?post=31"}],"version-history":[{"count":80,"href":"https:\/\/manuelportela.es\/nutricionista\/wp-json\/wp\/v2\/pages\/31\/revisions"}],"predecessor-version":[{"id":1569,"href":"https:\/\/manuelportela.es\/nutricionista\/wp-json\/wp\/v2\/pages\/31\/revisions\/1569"}],"wp:attachment":[{"href":"https:\/\/manuelportela.es\/nutricionista\/wp-json\/wp\/v2\/media?parent=31"}],"curies":[{"name":"wp","href":"https:\/\/api.w.org\/{rel}","templated":true}]}}