{"id":37,"date":"2014-03-18T11:48:55","date_gmt":"2014-03-18T10:48:55","guid":{"rendered":"http:\/\/demo.themegrill.com\/spacious\/?page_id=37"},"modified":"2021-03-24T17:25:27","modified_gmt":"2021-03-24T16:25:27","slug":"blog","status":"publish","type":"page","link":"https:\/\/manuelportela.es\/nutricionista\/blog\/","title":{"rendered":"Blog"},"content":{"rendered":"\n<figure class=\"wp-block-image alignwide size-large\"><img loading=\"lazy\" width=\"1024\" height=\"219\" src=\"https:\/\/manuelportela.es\/nutricionista\/wp-content\/uploads\/2021\/03\/portada-Blog_v2-1-1024x219.jpg\" alt=\"\" class=\"wp-image-1491\" srcset=\"https:\/\/manuelportela.es\/nutricionista\/wp-content\/uploads\/2021\/03\/portada-Blog_v2-1-1024x219.jpg 1024w, https:\/\/manuelportela.es\/nutricionista\/wp-content\/uploads\/2021\/03\/portada-Blog_v2-1-300x64.jpg 300w, https:\/\/manuelportela.es\/nutricionista\/wp-content\/uploads\/2021\/03\/portada-Blog_v2-1-768x165.jpg 768w, https:\/\/manuelportela.es\/nutricionista\/wp-content\/uploads\/2021\/03\/portada-Blog_v2-1.jpg 1400w\" sizes=\"(max-width: 1024px) 100vw, 1024px\" \/><\/figure>\n\n\n\n<div style=\"height:100px\" aria-hidden=\"true\" class=\"wp-block-spacer\"><\/div>\n\n\n\n<p class=\"has-medium-font-size\">Este blog, nace con la motivaci\u00f3n de ofrecer informaci\u00f3n acerca de de las actividades peri\u00f3dicas que realizamos en el gabinete, actividades relacionadas con la nutrici\u00f3n como:<\/p>\n\n\n\n<div class=\"wp-block-columns are-vertically-aligned-center\">\n<div class=\"wp-block-column is-vertically-aligned-center\">\n<h2 class=\"has-medium-font-size\">Cursos de cocina saludable<\/h2>\n\n\n\n<h2 class=\"has-medium-font-size\">Jornadas para el ejercicio f\u00edsico<\/h2>\n\n\n\n<h2 class=\"has-medium-font-size\">Divulgaci\u00f3n cient\u00edfica<\/h2>\n<\/div>\n\n\n\n<div class=\"wp-block-column is-vertically-aligned-center\">\n<div class=\"wp-block-image\"><figure class=\"aligncenter size-large is-resized\"><img loading=\"lazy\" src=\"https:\/\/manuelportela.es\/nutricionista\/wp-content\/uploads\/2021\/03\/blog.jpg\" alt=\"\" class=\"wp-image-1336\" width=\"300\" height=\"300\" srcset=\"https:\/\/manuelportela.es\/nutricionista\/wp-content\/uploads\/2021\/03\/blog.jpg 600w, https:\/\/manuelportela.es\/nutricionista\/wp-content\/uploads\/2021\/03\/blog-300x300.jpg 300w, https:\/\/manuelportela.es\/nutricionista\/wp-content\/uploads\/2021\/03\/blog-150x150.jpg 150w, https:\/\/manuelportela.es\/nutricionista\/wp-content\/uploads\/2021\/03\/blog-270x270.jpg 270w, https:\/\/manuelportela.es\/nutricionista\/wp-content\/uploads\/2021\/03\/blog-230x230.jpg 230w, https:\/\/manuelportela.es\/nutricionista\/wp-content\/uploads\/2021\/03\/blog-45x45.jpg 45w\" sizes=\"(max-width: 300px) 100vw, 300px\" \/><\/figure><\/div>\n<\/div>\n<\/div>\n\n\n\n<p class=\"has-medium-font-size\">Adem\u00e1s de esto, los art\u00edculos que aqu\u00ed podr\u00e1s encontrar, ser\u00e1n relativos a  informaci\u00f3n nutricional relacionada con  las novedades cient\u00edficas y a las tendencias alimentarias. <\/p>\n\n\n\n<p class=\"has-medium-font-size\">Nuestro objetivo es divulgar informaci\u00f3n veraz y cient\u00edfica, para que todos nuestros lectores puedan formarse una opini\u00f3n fundamentada, que les permita obtener un conocimiento real de todos estos temas alimentarios, tan necesarios para el cuidado de uno mismo.<\/p>\n\n\n\n<div style=\"height:100px\" aria-hidden=\"true\" class=\"wp-block-spacer\"><\/div>\n\n\n<div class=\"so-widget-sow-post-carousel so-widget-sow-post-carousel-default-26d53f364894\">\t<div class=\"sow-post-carousel-wrapper\" style=\"overflow: hidden; max-width: 100%;\">\n\t\t<div class=\"sow-carousel-title has-title\">\n\t<h3 class=\"widget-title\">Aqu\u00ed puedes encontrar las publicaciones m\u00e1s recientes:<\/h3>\t\t<div class=\"sow-carousel-navigation\">\n\t\t\t\t\t\t<a href=\"#\" class=\"sow-carousel-next\" title=\"Siguiente\" aria-label=\"Entradas siguientes\" role=\"button\"><\/a>\n\t\t\t\t\t\t<a href=\"#\" class=\"sow-carousel-previous\" title=\"Anterior\" aria-label=\"Entradas anteriores\" role=\"button\"><\/a>\n\t\t\t\t\t<\/div>\n\t<\/div>\n\n<div class=\"sow-carousel-container \">\n\t\t<div class=\"sow-carousel-wrapper\"\n\t     data-dir=\"ltr\"\n\t     data-widget=\"post\" data-fetching=\"false\" data-page=\"1\" data-ajax-url=\"https:\/\/manuelportela.es\/nutricionista\/wp-admin\/admin-ajax.php?_widgets_nonce=fa38aea8e4\" data-item_count=\"10\" data-carousel_settings=\"{&quot;loop&quot;:true,&quot;item_overflow&quot;:true}\" data-responsive=\"{&quot;desktop_slides&quot;:1,&quot;tablet_landscape_breakpoint&quot;:1366,&quot;tablet_landscape_slides&quot;:2,&quot;tablet_portrait_breakpoint&quot;:1025,&quot;tablet_portrait_slides&quot;:2,&quot;mobile_breakpoint&quot;:480,&quot;mobile_slides&quot;:1}\" data-variable_width=\"true\" \t>\n\t\t<div\n\t\t\tclass=\"sow-carousel-items\"\n\t\t\tstyle=\"width: 200vw; opacity: 0;\"\t\t>\n\t\t\t\t<div class=\"sow-carousel-item\" tabindex=\"-1\" style=\"float: left;\">\n\t\t<div class=\"sow-carousel-thumbnail\">\n\t\t\t\t\t\t\t<a\n\t\t\t\thref=\"https:\/\/manuelportela.es\/nutricionista\/resumen-ano-2020\/\"\n\t\t\t\t\t\t\t\t\t\tstyle=\"background-image: url( https:\/\/manuelportela.es\/nutricionista\/wp-content\/uploads\/2020\/01\/Calendar-2020-300x232.png )\"\n\t\t\t\t\taria-labelledby=\"sow-carousel-id-439\"\n\t\t\t\t\ttabindex=\"-1\"\n\t\t\t\t>\n\t\t\t\t\t<span class=\"overlay\"><\/span>\n\t\t\t\t<\/a>\n\t\t\t\t\t<\/div>\n\t\t<h3 class=\"sow-carousel-item-title\">\n\t\t\t<a\n\t\t\t\thref=\"https:\/\/manuelportela.es\/nutricionista\/resumen-ano-2020\/\"\n\t\t\t\tid=\"sow-carousel-id-439\"\n\t\t\t\t\t\t\t\ttabindex=\"-1\"\n\t\t\t>\n\n\t\t\t\tResumen del a\u00f1o 2020\t\t\t<\/a>\n\t\t<\/h3>\n\t<\/div>\n\t<div class=\"sow-carousel-item\" tabindex=\"-1\" style=\"float: left;\">\n\t\t<div class=\"sow-carousel-thumbnail\">\n\t\t\t\t\t\t\t<a\n\t\t\t\thref=\"https:\/\/manuelportela.es\/nutricionista\/certificado-de-seguirdad-e-higiene\/\"\n\t\t\t\t\t\t\t\t\t\tstyle=\"background-image: url( https:\/\/manuelportela.es\/nutricionista\/wp-content\/uploads\/2020\/05\/InkedCaptura_LI.jpg )\"\n\t\t\t\t\taria-labelledby=\"sow-carousel-id-1219\"\n\t\t\t\t\ttabindex=\"-1\"\n\t\t\t\t>\n\t\t\t\t\t<span class=\"overlay\"><\/span>\n\t\t\t\t<\/a>\n\t\t\t\t\t<\/div>\n\t\t<h3 class=\"sow-carousel-item-title\">\n\t\t\t<a\n\t\t\t\thref=\"https:\/\/manuelportela.es\/nutricionista\/certificado-de-seguirdad-e-higiene\/\"\n\t\t\t\tid=\"sow-carousel-id-1219\"\n\t\t\t\t\t\t\t\ttabindex=\"-1\"\n\t\t\t>\n\n\t\t\t\tCertificado de Seguridad e Higiene frente al COVID-19\t\t\t<\/a>\n\t\t<\/h3>\n\t<\/div>\n\t<div class=\"sow-carousel-item\" tabindex=\"-1\" style=\"float: left;\">\n\t\t<div class=\"sow-carousel-thumbnail\">\n\t\t\t\t\t\t\t<a\n\t\t\t\thref=\"https:\/\/manuelportela.es\/nutricionista\/volvemos-vernos\/\"\n\t\t\t\t\t\t\t\t\t\tstyle=\"background-image: url( https:\/\/manuelportela.es\/nutricionista\/wp-content\/uploads\/2020\/05\/COVID19FREE.png )\"\n\t\t\t\t\taria-labelledby=\"sow-carousel-id-1221\"\n\t\t\t\t\ttabindex=\"-1\"\n\t\t\t\t>\n\t\t\t\t\t<span class=\"overlay\"><\/span>\n\t\t\t\t<\/a>\n\t\t\t\t\t<\/div>\n\t\t<h3 class=\"sow-carousel-item-title\">\n\t\t\t<a\n\t\t\t\thref=\"https:\/\/manuelportela.es\/nutricionista\/volvemos-vernos\/\"\n\t\t\t\tid=\"sow-carousel-id-1221\"\n\t\t\t\t\t\t\t\ttabindex=\"-1\"\n\t\t\t>\n\n\t\t\t\tVolvemos a vernos\t\t\t<\/a>\n\t\t<\/h3>\n\t<\/div>\n\t<div class=\"sow-carousel-item\" tabindex=\"-1\" style=\"float: left;\">\n\t\t<div class=\"sow-carousel-thumbnail\">\n\t\t\t\t\t\t\t<a\n\t\t\t\thref=\"https:\/\/manuelportela.es\/nutricionista\/como-hacer-una-despensa-si-te-aislan-en\/\"\n\t\t\t\t\t\t\t\t\t\tstyle=\"background-image: url( https:\/\/manuelportela.es\/nutricionista\/wp-content\/uploads\/2020\/03\/despensa-300x300.jpg )\"\n\t\t\t\t\taria-labelledby=\"sow-carousel-id-1223\"\n\t\t\t\t\ttabindex=\"-1\"\n\t\t\t\t>\n\t\t\t\t\t<span class=\"overlay\"><\/span>\n\t\t\t\t<\/a>\n\t\t\t\t\t<\/div>\n\t\t<h3 class=\"sow-carousel-item-title\">\n\t\t\t<a\n\t\t\t\thref=\"https:\/\/manuelportela.es\/nutricionista\/como-hacer-una-despensa-si-te-aislan-en\/\"\n\t\t\t\tid=\"sow-carousel-id-1223\"\n\t\t\t\t\t\t\t\ttabindex=\"-1\"\n\t\t\t>\n\n\t\t\t\tC\u00f3mo hacer una despensa si te aislan en casa por Coronavirus (COVID-19)\t\t\t<\/a>\n\t\t<\/h3>\n\t<\/div>\n\t\t<\/div>\n\t<\/div>\n\n\t<\/div>\n\t\t<input type=\"hidden\" name=\"instance_hash\" value=\"35dbbdad\"\/>\n\t<\/div>\n<\/div>","protected":false},"excerpt":{"rendered":"<p>Este blog, nace con la motivaci\u00f3n de ofrecer informaci\u00f3n acerca de de las actividades peri\u00f3dicas que realizamos en el gabinete, actividades relacionadas con la nutrici\u00f3n como: Cursos de cocina saludable Jornadas para el ejercicio f\u00edsico Divulgaci\u00f3n cient\u00edfica Adem\u00e1s de esto,<\/p>\n","protected":false},"author":1,"featured_media":1342,"parent":0,"menu_order":0,"comment_status":"closed","ping_status":"closed","template":"","meta":[],"_links":{"self":[{"href":"https:\/\/manuelportela.es\/nutricionista\/wp-json\/wp\/v2\/pages\/37"}],"collection":[{"href":"https:\/\/manuelportela.es\/nutricionista\/wp-json\/wp\/v2\/pages"}],"about":[{"href":"https:\/\/manuelportela.es\/nutricionista\/wp-json\/wp\/v2\/types\/page"}],"author":[{"embeddable":true,"href":"https:\/\/manuelportela.es\/nutricionista\/wp-json\/wp\/v2\/users\/1"}],"replies":[{"embeddable":true,"href":"https:\/\/manuelportela.es\/nutricionista\/wp-json\/wp\/v2\/comments?post=37"}],"version-history":[{"count":17,"href":"https:\/\/manuelportela.es\/nutricionista\/wp-json\/wp\/v2\/pages\/37\/revisions"}],"predecessor-version":[{"id":1492,"href":"https:\/\/manuelportela.es\/nutricionista\/wp-json\/wp\/v2\/pages\/37\/revisions\/1492"}],"wp:featuredmedia":[{"embeddable":true,"href":"https:\/\/manuelportela.es\/nutricionista\/wp-json\/wp\/v2\/media\/1342"}],"wp:attachment":[{"href":"https:\/\/manuelportela.es\/nutricionista\/wp-json\/wp\/v2\/media?parent=37"}],"curies":[{"name":"wp","href":"https:\/\/api.w.org\/{rel}","templated":true}]}}