{"id":751,"date":"2021-02-05T17:23:32","date_gmt":"2021-02-05T17:23:32","guid":{"rendered":"https:\/\/manuelportela.es\/nutricionista\/?page_id=751"},"modified":"2021-02-24T10:45:39","modified_gmt":"2021-02-24T10:45:39","slug":"nutricion-clinica-y-gastronomia","status":"publish","type":"page","link":"https:\/\/manuelportela.es\/nutricionista\/unidades-de-nutricion\/nutricion-clinica-y-gastronomia\/","title":{"rendered":"Nutrici\u00f3n cl\u00ednica y gastronom\u00eda"},"content":{"rendered":"\n<h3 class=\"has-text-align-center\"><strong>Organizaci\u00f3n peri\u00f3dica de cursos de cocina saludable puntuables.<br>Valoraci\u00f3n y elaboraci\u00f3n de men\u00fas adaptados a la restauraci\u00f3n.<\/strong><\/h3>\n\n\n\n<hr class=\"wp-block-separator is-style-wide\"\/>\n\n\n\n<div class=\"wp-block-columns\">\n<div class=\"wp-block-column\">\n<figure class=\"wp-block-image size-large\"><img loading=\"lazy\" width=\"800\" height=\"800\" src=\"https:\/\/manuelportela.es\/nutricionista\/wp-content\/uploads\/2021\/02\/gastronomica-800x800-1.jpg\" alt=\"\" class=\"wp-image-1148\" srcset=\"https:\/\/manuelportela.es\/nutricionista\/wp-content\/uploads\/2021\/02\/gastronomica-800x800-1.jpg 800w, https:\/\/manuelportela.es\/nutricionista\/wp-content\/uploads\/2021\/02\/gastronomica-800x800-1-300x300.jpg 300w, https:\/\/manuelportela.es\/nutricionista\/wp-content\/uploads\/2021\/02\/gastronomica-800x800-1-150x150.jpg 150w, https:\/\/manuelportela.es\/nutricionista\/wp-content\/uploads\/2021\/02\/gastronomica-800x800-1-768x768.jpg 768w, https:\/\/manuelportela.es\/nutricionista\/wp-content\/uploads\/2021\/02\/gastronomica-800x800-1-270x270.jpg 270w, https:\/\/manuelportela.es\/nutricionista\/wp-content\/uploads\/2021\/02\/gastronomica-800x800-1-230x230.jpg 230w, https:\/\/manuelportela.es\/nutricionista\/wp-content\/uploads\/2021\/02\/gastronomica-800x800-1-45x45.jpg 45w\" sizes=\"(max-width: 800px) 100vw, 800px\" \/><\/figure>\n<\/div>\n\n\n\n<div class=\"wp-block-column\">\n<p class=\"has-medium-font-size\">Desde siempre, hemos tenido muy claro que LA MEJOR AYUDA a un cambio alimentario, adem\u00e1s del ejercicio, es tener una base s\u00f3lida y adecuada en gastronom\u00eda. <\/p>\n\n\n\n<p class=\"has-medium-font-size\">Por eso organizamos con frecuencia cursos\/talleres de cocina saludable, basados en las propiedades de los alimentos y en la aplicaci\u00f3n pr\u00e1ctica que estas propiedades tienen en la mejora de la salud de las personas.<\/p>\n\n\n\n<p class=\"has-medium-font-size\">Ense\u00f1amos a elaborar platos f\u00e1ciles, r\u00e1pidos y adaptados al ajetreo de la vida diaria.<\/p>\n\n\n\n<p class=\"has-medium-font-size\"> La buena gastronom\u00eda y el disfrute de la comida no est\u00e1 re\u00f1ida con la salud, ni el sabor de los alimentos con sus propiedades beneficiosas.<\/p>\n\n\n\n<p class=\"has-medium-font-size\">Algunos de \u00e9stos cursos son acreditados, y certifican un n\u00famero de horas cursadas acad\u00e9micamente, y pueden ser utilizados por los participantes para presentarlos como m\u00e9ritos en diferentes oposiciones.<\/p>\n<\/div>\n<\/div>\n","protected":false},"excerpt":{"rendered":"<p>Organizaci\u00f3n peri\u00f3dica de cursos de cocina saludable puntuables.Valoraci\u00f3n y elaboraci\u00f3n de men\u00fas adaptados a la restauraci\u00f3n. Desde siempre, hemos tenido muy claro que LA MEJOR AYUDA a un cambio alimentario, adem\u00e1s del ejercicio, es tener una base s\u00f3lida y adecuada<\/p>\n","protected":false},"author":2,"featured_media":1122,"parent":92,"menu_order":3,"comment_status":"closed","ping_status":"closed","template":"","meta":[],"_links":{"self":[{"href":"https:\/\/manuelportela.es\/nutricionista\/wp-json\/wp\/v2\/pages\/751"}],"collection":[{"href":"https:\/\/manuelportela.es\/nutricionista\/wp-json\/wp\/v2\/pages"}],"about":[{"href":"https:\/\/manuelportela.es\/nutricionista\/wp-json\/wp\/v2\/types\/page"}],"author":[{"embeddable":true,"href":"https:\/\/manuelportela.es\/nutricionista\/wp-json\/wp\/v2\/users\/2"}],"replies":[{"embeddable":true,"href":"https:\/\/manuelportela.es\/nutricionista\/wp-json\/wp\/v2\/comments?post=751"}],"version-history":[{"count":8,"href":"https:\/\/manuelportela.es\/nutricionista\/wp-json\/wp\/v2\/pages\/751\/revisions"}],"predecessor-version":[{"id":1149,"href":"https:\/\/manuelportela.es\/nutricionista\/wp-json\/wp\/v2\/pages\/751\/revisions\/1149"}],"up":[{"embeddable":true,"href":"https:\/\/manuelportela.es\/nutricionista\/wp-json\/wp\/v2\/pages\/92"}],"wp:featuredmedia":[{"embeddable":true,"href":"https:\/\/manuelportela.es\/nutricionista\/wp-json\/wp\/v2\/media\/1122"}],"wp:attachment":[{"href":"https:\/\/manuelportela.es\/nutricionista\/wp-json\/wp\/v2\/media?parent=751"}],"curies":[{"name":"wp","href":"https:\/\/api.w.org\/{rel}","templated":true}]}}