{"id":752,"date":"2021-02-05T17:23:32","date_gmt":"2021-02-05T17:23:32","guid":{"rendered":"https:\/\/manuelportela.es\/nutricionista\/?page_id=752"},"modified":"2021-09-16T12:07:50","modified_gmt":"2021-09-16T10:07:50","slug":"nutricion-clinica-y-divulgacion-cientifica","status":"publish","type":"page","link":"https:\/\/manuelportela.es\/nutricionista\/unidades-de-nutricion\/nutricion-clinica-y-divulgacion-cientifica\/","title":{"rendered":"Nutrici\u00f3n cl\u00ednica y divulgaci\u00f3n cient\u00edfica"},"content":{"rendered":"\n<h3 class=\"has-text-align-center\"><strong>Charlas y talleres de divulgaci\u00f3n cient\u00edfica nutricional.<\/strong><\/h3>\n\n\n\n<hr class=\"wp-block-separator is-style-wide\"\/>\n\n\n\n<div class=\"wp-block-columns\">\n<div class=\"wp-block-column\">\n<figure class=\"wp-block-image size-large\"><img loading=\"lazy\" width=\"800\" height=\"800\" src=\"https:\/\/manuelportela.es\/nutricionista\/wp-content\/uploads\/2021\/02\/divulgacion-800x800-1.jpg\" alt=\"\" class=\"wp-image-1152\" srcset=\"https:\/\/manuelportela.es\/nutricionista\/wp-content\/uploads\/2021\/02\/divulgacion-800x800-1.jpg 800w, https:\/\/manuelportela.es\/nutricionista\/wp-content\/uploads\/2021\/02\/divulgacion-800x800-1-300x300.jpg 300w, https:\/\/manuelportela.es\/nutricionista\/wp-content\/uploads\/2021\/02\/divulgacion-800x800-1-150x150.jpg 150w, https:\/\/manuelportela.es\/nutricionista\/wp-content\/uploads\/2021\/02\/divulgacion-800x800-1-768x768.jpg 768w, https:\/\/manuelportela.es\/nutricionista\/wp-content\/uploads\/2021\/02\/divulgacion-800x800-1-270x270.jpg 270w, https:\/\/manuelportela.es\/nutricionista\/wp-content\/uploads\/2021\/02\/divulgacion-800x800-1-230x230.jpg 230w, https:\/\/manuelportela.es\/nutricionista\/wp-content\/uploads\/2021\/02\/divulgacion-800x800-1-45x45.jpg 45w\" sizes=\"(max-width: 800px) 100vw, 800px\" \/><\/figure>\n<\/div>\n\n\n\n<div class=\"wp-block-column\">\n<p class=\"has-medium-font-size\">Nuestros profesionales colaboran de forma activa en la divulgaci\u00f3n del conocimiento y los beneficios de los buenos h\u00e1bitos nutricionales.<\/p>\n\n\n\n<p class=\"has-medium-font-size\">Habitualmente, ofrecen o participan en charlas, coloquios y formaciones en diferentes \u00e1mbitos y dirigidos a distintos colectivos, tanto p\u00fablico en general como profesionales.  Todos ellos relacionados con el \u00e1mbito de la salud y la nutrici\u00f3n.<\/p>\n\n\n\n<p class=\"has-medium-font-size\">Algunas de las actividades en las que colaboran son:<\/p>\n\n\n\n<blockquote class=\"wp-block-quote\"><p>Charlas divulgativas en centros de educaci\u00f3n <\/p><p>Cursos de cocina, algunos de los cuales son puntuables para oposiciones<\/p><p>Colaboraci\u00f3n en proyectos de investigaci\u00f3n con diversas entidades<\/p><\/blockquote>\n\n\n\n<p class=\"has-medium-font-size\">Adem\u00e1s de la divulgaci\u00f3n, nuestros colaboradores apuestan por la formaci\u00f3n continua en cada uno de los campos en los que tienen competencia. Este punto resulta fundamental para que todos ellos puedan estar al tanto de los \u00faltimos avances.<\/p>\n\n\n\n<blockquote class=\"wp-block-quote\"><p>Formaci\u00f3n continua<\/p><p>Asistencia a cursos de especializaci\u00f3n<\/p><p>Asistencia a congresos de \u00e1mbito local, nacional e internacional<\/p><\/blockquote>\n\n\n\n<p><\/p>\n<\/div>\n<\/div>\n\n\n\n<div style=\"height:100px\" aria-hidden=\"true\" class=\"wp-block-spacer\"><\/div>\n\n\n\n<h2 class=\"has-text-align-center\">V\u00eddeos de colaboraciones, charlas y webinars:<\/h2>\n\n\n\n<div style=\"height:50px\" aria-hidden=\"true\" class=\"wp-block-spacer\"><\/div>\n\n\n\n<div class=\"wp-block-columns\">\n<div class=\"wp-block-column\">\n<figure class=\"wp-block-embed is-type-video is-provider-youtube wp-block-embed-youtube wp-embed-aspect-16-9 wp-has-aspect-ratio\"><div class=\"wp-block-embed__wrapper\">\n<iframe loading=\"lazy\" title=\"Webinar: Endometriosis, alimentaci\u00f3n y ejercicio f\u00edsico.\" width=\"750\" height=\"422\" src=\"https:\/\/www.youtube.com\/embed\/m7x4UW0h7NQ?feature=oembed\" frameborder=\"0\" allow=\"accelerometer; autoplay; clipboard-write; encrypted-media; gyroscope; picture-in-picture\" allowfullscreen><\/iframe>\n<\/div><\/figure>\n<\/div>\n\n\n\n<div class=\"wp-block-column\"><p><iframe loading=\"lazy\" src=\"https:\/\/www.facebook.com\/plugins\/video.php?height=314&amp;href=https%3A%2F%2Fwww.facebook.com%2Flavozdegalicia%2Fvideos%2F313871103157561%2F&amp;show_text=false&amp;width=560&amp;t=0\" width=\"600\" height=\"400\" style=\"border:none;overflow:hidden\" scrolling=\"no\" frameborder=\"0\" allowfullscreen=\"true\" allow=\"autoplay; clipboard-write; encrypted-media; picture-in-picture; web-share\"><\/iframe><\/p>\n<\/div>\n<\/div>\n\n\n\n<p><\/p>\n","protected":false},"excerpt":{"rendered":"<p>Charlas y talleres de divulgaci\u00f3n cient\u00edfica nutricional. Nuestros profesionales colaboran de forma activa en la divulgaci\u00f3n del conocimiento y los beneficios de los buenos h\u00e1bitos nutricionales. Habitualmente, ofrecen o participan en charlas, coloquios y formaciones en diferentes \u00e1mbitos y dirigidos<\/p>\n","protected":false},"author":2,"featured_media":1124,"parent":92,"menu_order":5,"comment_status":"closed","ping_status":"closed","template":"","meta":[],"_links":{"self":[{"href":"https:\/\/manuelportela.es\/nutricionista\/wp-json\/wp\/v2\/pages\/752"}],"collection":[{"href":"https:\/\/manuelportela.es\/nutricionista\/wp-json\/wp\/v2\/pages"}],"about":[{"href":"https:\/\/manuelportela.es\/nutricionista\/wp-json\/wp\/v2\/types\/page"}],"author":[{"embeddable":true,"href":"https:\/\/manuelportela.es\/nutricionista\/wp-json\/wp\/v2\/users\/2"}],"replies":[{"embeddable":true,"href":"https:\/\/manuelportela.es\/nutricionista\/wp-json\/wp\/v2\/comments?post=752"}],"version-history":[{"count":13,"href":"https:\/\/manuelportela.es\/nutricionista\/wp-json\/wp\/v2\/pages\/752\/revisions"}],"predecessor-version":[{"id":1612,"href":"https:\/\/manuelportela.es\/nutricionista\/wp-json\/wp\/v2\/pages\/752\/revisions\/1612"}],"up":[{"embeddable":true,"href":"https:\/\/manuelportela.es\/nutricionista\/wp-json\/wp\/v2\/pages\/92"}],"wp:featuredmedia":[{"embeddable":true,"href":"https:\/\/manuelportela.es\/nutricionista\/wp-json\/wp\/v2\/media\/1124"}],"wp:attachment":[{"href":"https:\/\/manuelportela.es\/nutricionista\/wp-json\/wp\/v2\/media?parent=752"}],"curies":[{"name":"wp","href":"https:\/\/api.w.org\/{rel}","templated":true}]}}