{"id":763,"date":"2021-02-05T17:25:52","date_gmt":"2021-02-05T17:25:52","guid":{"rendered":"https:\/\/manuelportela.es\/nutricionista\/?page_id=763"},"modified":"2026-01-16T16:01:07","modified_gmt":"2026-01-16T15:01:07","slug":"nosotros","status":"publish","type":"page","link":"https:\/\/manuelportela.es\/nutricionista\/nosotros\/","title":{"rendered":"Nosotros"},"content":{"rendered":"\n<div class=\"wp-block-columns\">\n<div class=\"wp-block-column\" style=\"flex-basis:100%\">\n<div class=\"wp-block-columns\">\n<div class=\"wp-block-column\" style=\"flex-basis:100%\">\n<p>Nuestro gabinete de nutrici\u00f3n est\u00e1 formado por un equipo humano de lo m\u00e1s variado, especialistas en su campo, que han orientado su vocaci\u00f3n profesional hacia la tarea de ayudar a los dem\u00e1s a mejorar su salud a trav\u00e9s de cambios en sus h\u00e1bitos de vida y de su alimentaci\u00f3n.<\/p>\n\n\n\n<p>Su desempe\u00f1o profesional est\u00e1 basado en contribuir con sus conocimientos a una causa com\u00fan, que consiste en ense\u00f1ar a desarrollar y mantener en el tiempo h\u00e1bitos saludables que contribuyan a mejorar la vida de nuestros pacientes.<\/p>\n<\/div>\n<\/div>\n<\/div>\n<\/div>\n\n\n\n<div class=\"wp-block-columns are-vertically-aligned-center\">\n<div class=\"wp-block-column is-vertically-aligned-center\" style=\"flex-basis:66.66%\">\n<div class=\"wp-block-image\"><figure class=\"aligncenter size-large\"><img loading=\"lazy\" width=\"1024\" height=\"427\" src=\"https:\/\/manuelportela.es\/nutricionista\/wp-content\/uploads\/2021\/03\/ficha-manuel-1024x427.jpg\" alt=\"\" class=\"wp-image-1473\" srcset=\"https:\/\/manuelportela.es\/nutricionista\/wp-content\/uploads\/2021\/03\/ficha-manuel-1024x427.jpg 1024w, https:\/\/manuelportela.es\/nutricionista\/wp-content\/uploads\/2021\/03\/ficha-manuel-300x125.jpg 300w, https:\/\/manuelportela.es\/nutricionista\/wp-content\/uploads\/2021\/03\/ficha-manuel-768x320.jpg 768w, https:\/\/manuelportela.es\/nutricionista\/wp-content\/uploads\/2021\/03\/ficha-manuel.jpg 1200w\" sizes=\"(max-width: 1024px) 100vw, 1024px\" \/><\/figure><\/div>\n<\/div>\n\n\n\n<div class=\"wp-block-column is-vertically-aligned-center\" style=\"flex-basis:33.33%\">\n<blockquote class=\"wp-block-quote has-text-align-right\"><p>La creaci\u00f3n de este equipo de nutrici\u00f3n y diet\u00e9tica, parte de mi convicci\u00f3n personal de que es posible mejorar la calidad de vida de las personas aplicando cambios en el estilo de vida y alimentaci\u00f3n. Esta idea surge de mi experiencia vital y amplia formaci\u00f3n en el \u00e1mbito de la salud. \u00c9ste es el saber hacer que ponemos al servicio de nuestros pacientes.<\/p><\/blockquote>\n<\/div>\n<\/div>\n\n\n\n<div style=\"height:20px\" aria-hidden=\"true\" class=\"wp-block-spacer\"><\/div>\n\n\n\n<div style=\"height:100px\" aria-hidden=\"true\" class=\"wp-block-spacer\"><\/div>\n\n\n\n<div class=\"wp-block-columns are-vertically-aligned-center\">\n<div class=\"wp-block-column is-vertically-aligned-center\" style=\"flex-basis:66.66%\"><\/div>\n\n\n\n<div class=\"wp-block-column is-vertically-aligned-center\" style=\"flex-basis:33.33%\"><\/div>\n<\/div>\n\n\n\n<div class=\"wp-block-columns are-vertically-aligned-center\">\n<div class=\"wp-block-column is-vertically-aligned-center\" style=\"flex-basis:33.33%\">\n<blockquote class=\"wp-block-quote\"><p>Con m\u00e1s de diez a\u00f1os de experiencia en psicolog\u00eda infanto-juvenil y apoyo a familias, amo mi profesi\u00f3n y el poder acompa\u00f1ar a las personas en sus procesos de cambio y desarrollo, confiando en el enorme potencial que todo ser humano guarda en su interior.<\/p><\/blockquote>\n<\/div>\n\n\n\n<div class=\"wp-block-column is-vertically-aligned-center\" style=\"flex-basis:66.66%\">\n<div class=\"wp-block-image\"><figure class=\"aligncenter size-large\"><img loading=\"lazy\" width=\"1024\" height=\"427\" src=\"https:\/\/manuelportela.es\/nutricionista\/wp-content\/uploads\/2021\/04\/ficha-Olaya-1024x427.jpg\" alt=\"\" class=\"wp-image-1593\" srcset=\"https:\/\/manuelportela.es\/nutricionista\/wp-content\/uploads\/2021\/04\/ficha-Olaya-1024x427.jpg 1024w, https:\/\/manuelportela.es\/nutricionista\/wp-content\/uploads\/2021\/04\/ficha-Olaya-300x125.jpg 300w, https:\/\/manuelportela.es\/nutricionista\/wp-content\/uploads\/2021\/04\/ficha-Olaya-768x320.jpg 768w, https:\/\/manuelportela.es\/nutricionista\/wp-content\/uploads\/2021\/04\/ficha-Olaya.jpg 1200w\" sizes=\"(max-width: 1024px) 100vw, 1024px\" \/><\/figure><\/div>\n<\/div>\n<\/div>\n","protected":false},"excerpt":{"rendered":"<p>Nuestro gabinete de nutrici\u00f3n est\u00e1 formado por un equipo humano de lo m\u00e1s variado, especialistas en su campo, que han orientado su vocaci\u00f3n profesional hacia la tarea de ayudar a los dem\u00e1s a mejorar su salud a trav\u00e9s de cambios<\/p>\n","protected":false},"author":2,"featured_media":0,"parent":0,"menu_order":0,"comment_status":"closed","ping_status":"closed","template":"","meta":[],"_links":{"self":[{"href":"https:\/\/manuelportela.es\/nutricionista\/wp-json\/wp\/v2\/pages\/763"}],"collection":[{"href":"https:\/\/manuelportela.es\/nutricionista\/wp-json\/wp\/v2\/pages"}],"about":[{"href":"https:\/\/manuelportela.es\/nutricionista\/wp-json\/wp\/v2\/types\/page"}],"author":[{"embeddable":true,"href":"https:\/\/manuelportela.es\/nutricionista\/wp-json\/wp\/v2\/users\/2"}],"replies":[{"embeddable":true,"href":"https:\/\/manuelportela.es\/nutricionista\/wp-json\/wp\/v2\/comments?post=763"}],"version-history":[{"count":28,"href":"https:\/\/manuelportela.es\/nutricionista\/wp-json\/wp\/v2\/pages\/763\/revisions"}],"predecessor-version":[{"id":1630,"href":"https:\/\/manuelportela.es\/nutricionista\/wp-json\/wp\/v2\/pages\/763\/revisions\/1630"}],"wp:attachment":[{"href":"https:\/\/manuelportela.es\/nutricionista\/wp-json\/wp\/v2\/media?parent=763"}],"curies":[{"name":"wp","href":"https:\/\/api.w.org\/{rel}","templated":true}]}}