{"id":796,"date":"2021-02-09T10:37:52","date_gmt":"2021-02-09T10:37:52","guid":{"rendered":"https:\/\/manuelportela.es\/nutricionista\/?page_id=796"},"modified":"2021-03-30T11:59:38","modified_gmt":"2021-03-30T09:59:38","slug":"servicios","status":"publish","type":"page","link":"https:\/\/manuelportela.es\/nutricionista\/servicios\/","title":{"rendered":"Servicios"},"content":{"rendered":"\n<h2 class=\"has-text-align-left\"><strong>Unidades cl\u00ednicas <\/strong><\/h2>\n\n\n\n<p class=\"has-medium-font-size\">Nuestros servicios est\u00e1n divididos en unidades cl\u00ednicas de atenci\u00f3n al paciente, de forma que se establecen departamentos con funciones y objetivos definidos, que interact\u00faan entre s\u00ed, para ofrecer un servicio completo y adaptado a las necesidades y patolog\u00edas de cada paciente.<\/p>\n\n\n\n<div style=\"height:50px\" aria-hidden=\"true\" class=\"wp-block-spacer\"><\/div>\n\n\n\n<div class=\"wp-block-columns\">\n<div class=\"wp-block-column\">\n<div class=\"wp-block-image\"><figure class=\"aligncenter size-large is-resized\"><img loading=\"lazy\" src=\"https:\/\/manuelportela.es\/nutricionista\/wp-content\/uploads\/2021\/02\/logo-nu-800x800-2.jpg\" alt=\"\" class=\"wp-image-1199\" width=\"200\" height=\"200\" srcset=\"https:\/\/manuelportela.es\/nutricionista\/wp-content\/uploads\/2021\/02\/logo-nu-800x800-2.jpg 800w, https:\/\/manuelportela.es\/nutricionista\/wp-content\/uploads\/2021\/02\/logo-nu-800x800-2-300x300.jpg 300w, https:\/\/manuelportela.es\/nutricionista\/wp-content\/uploads\/2021\/02\/logo-nu-800x800-2-150x150.jpg 150w, https:\/\/manuelportela.es\/nutricionista\/wp-content\/uploads\/2021\/02\/logo-nu-800x800-2-768x768.jpg 768w, https:\/\/manuelportela.es\/nutricionista\/wp-content\/uploads\/2021\/02\/logo-nu-800x800-2-270x270.jpg 270w, https:\/\/manuelportela.es\/nutricionista\/wp-content\/uploads\/2021\/02\/logo-nu-800x800-2-230x230.jpg 230w, https:\/\/manuelportela.es\/nutricionista\/wp-content\/uploads\/2021\/02\/logo-nu-800x800-2-45x45.jpg 45w\" sizes=\"(max-width: 200px) 100vw, 200px\" \/><\/figure><\/div>\n\n\n\n<h3 class=\"has-text-align-center\"><a href=\"https:\/\/manuelportela.es\/nutricionista\/index.php\/unidades-de-nutricion\/nutricion-clinica-y-especializada\/\" data-type=\"URL\" data-id=\"https:\/\/manuelportela.es\/nutricionista\/index.php\/unidades-de-nutricion\/nutricion-clinica-y-especializada\/\">Nutrici\u00f3n cl\u00ednica especializada<\/a><\/h3>\n\n\n\n<p class=\"has-text-align-center has-medium-font-size\">&nbsp;Tratamiento de cambios alimenticios en patolog\u00edas agudas o cr\u00f3nicas.<\/p>\n<\/div>\n\n\n\n<div class=\"wp-block-column\">\n<div class=\"wp-block-image\"><figure class=\"aligncenter size-large is-resized\"><a href=\"https:\/\/manuelportela.es\/nutricionista\/index.php\/unidades-de-nutricion\/nutricion-clinica-pediatrica\/\"><img loading=\"lazy\" src=\"https:\/\/manuelportela.es\/nutricionista\/wp-content\/uploads\/2021\/02\/pediatrica-800x800-manuel-portela.jpg\" alt=\"\" class=\"wp-image-1121\" width=\"200\" height=\"200\" srcset=\"https:\/\/manuelportela.es\/nutricionista\/wp-content\/uploads\/2021\/02\/pediatrica-800x800-manuel-portela.jpg 800w, https:\/\/manuelportela.es\/nutricionista\/wp-content\/uploads\/2021\/02\/pediatrica-800x800-manuel-portela-300x300.jpg 300w, https:\/\/manuelportela.es\/nutricionista\/wp-content\/uploads\/2021\/02\/pediatrica-800x800-manuel-portela-150x150.jpg 150w, https:\/\/manuelportela.es\/nutricionista\/wp-content\/uploads\/2021\/02\/pediatrica-800x800-manuel-portela-768x768.jpg 768w, https:\/\/manuelportela.es\/nutricionista\/wp-content\/uploads\/2021\/02\/pediatrica-800x800-manuel-portela-270x270.jpg 270w, https:\/\/manuelportela.es\/nutricionista\/wp-content\/uploads\/2021\/02\/pediatrica-800x800-manuel-portela-230x230.jpg 230w, https:\/\/manuelportela.es\/nutricionista\/wp-content\/uploads\/2021\/02\/pediatrica-800x800-manuel-portela-45x45.jpg 45w\" sizes=\"(max-width: 200px) 100vw, 200px\" \/><\/a><\/figure><\/div>\n\n\n\n<h3 class=\"alignwide has-text-align-center\"><a href=\"https:\/\/manuelportela.es\/nutricionista\/index.php\/unidades-de-nutricion\/nutricion-clinica-pediatrica\/\" data-type=\"URL\" data-id=\"https:\/\/manuelportela.es\/nutricionista\/index.php\/unidades-de-nutricion\/nutricion-clinica-pediatrica\/\">Nutrici\u00f3n cl\u00ednica y pedi\u00e1trica<\/a><\/h3>\n\n\n\n<p class=\"has-text-align-center has-medium-font-size\">Protocolos cl\u00ednicos en la organizaci\u00f3n alimentaria de 0 a 12 a\u00f1os.<\/p>\n<\/div>\n\n\n\n<div class=\"wp-block-column\">\n<div class=\"wp-block-image\"><figure class=\"aligncenter size-large is-resized\"><a href=\"https:\/\/manuelportela.es\/nutricionista\/index.php\/unidades-de-nutricion\/nutricion-clinica-y-gastronomia\/\"><img loading=\"lazy\" src=\"https:\/\/manuelportela.es\/nutricionista\/wp-content\/uploads\/2021\/02\/gastronomia-800x800-manuel-portela.jpg\" alt=\"\" class=\"wp-image-1122\" width=\"200\" height=\"200\" srcset=\"https:\/\/manuelportela.es\/nutricionista\/wp-content\/uploads\/2021\/02\/gastronomia-800x800-manuel-portela.jpg 800w, https:\/\/manuelportela.es\/nutricionista\/wp-content\/uploads\/2021\/02\/gastronomia-800x800-manuel-portela-300x300.jpg 300w, https:\/\/manuelportela.es\/nutricionista\/wp-content\/uploads\/2021\/02\/gastronomia-800x800-manuel-portela-150x150.jpg 150w, https:\/\/manuelportela.es\/nutricionista\/wp-content\/uploads\/2021\/02\/gastronomia-800x800-manuel-portela-768x768.jpg 768w, https:\/\/manuelportela.es\/nutricionista\/wp-content\/uploads\/2021\/02\/gastronomia-800x800-manuel-portela-270x270.jpg 270w, https:\/\/manuelportela.es\/nutricionista\/wp-content\/uploads\/2021\/02\/gastronomia-800x800-manuel-portela-230x230.jpg 230w, https:\/\/manuelportela.es\/nutricionista\/wp-content\/uploads\/2021\/02\/gastronomia-800x800-manuel-portela-45x45.jpg 45w\" sizes=\"(max-width: 200px) 100vw, 200px\" \/><\/a><\/figure><\/div>\n\n\n\n<h3><a href=\"https:\/\/manuelportela.es\/nutricionista\/index.php\/unidades-de-nutricion\/nutricion-clinica-y-gastronomia\/\" data-type=\"URL\" data-id=\"https:\/\/manuelportela.es\/nutricionista\/index.php\/unidades-de-nutricion\/nutricion-clinica-y-gastronomia\/\">Nutrici\u00f3n cl\u00ednica y gastronom\u00eda<\/a><\/h3>\n\n\n\n<p class=\"has-text-align-center has-medium-font-size\">Organizaci\u00f3n peri\u00f3dica de cursos de cocina saludable puntuables.<\/p>\n<\/div>\n<\/div>\n\n\n\n<div style=\"height:100px\" aria-hidden=\"true\" class=\"wp-block-spacer\"><\/div>\n\n\n\n<div class=\"wp-block-columns\">\n<div class=\"wp-block-column\">\n<div class=\"wp-block-image\"><figure class=\"aligncenter size-large is-resized\"><a href=\"https:\/\/manuelportela.es\/nutricionista\/index.php\/unidades-de-nutricion\/nutricion-clinica-y-psicologia\/\"><img loading=\"lazy\" src=\"https:\/\/manuelportela.es\/nutricionista\/wp-content\/uploads\/2021\/02\/psicologia-800x800-manuel-portela.jpg\" alt=\"\" class=\"wp-image-1123\" width=\"200\" height=\"200\" srcset=\"https:\/\/manuelportela.es\/nutricionista\/wp-content\/uploads\/2021\/02\/psicologia-800x800-manuel-portela.jpg 800w, https:\/\/manuelportela.es\/nutricionista\/wp-content\/uploads\/2021\/02\/psicologia-800x800-manuel-portela-300x300.jpg 300w, https:\/\/manuelportela.es\/nutricionista\/wp-content\/uploads\/2021\/02\/psicologia-800x800-manuel-portela-150x150.jpg 150w, https:\/\/manuelportela.es\/nutricionista\/wp-content\/uploads\/2021\/02\/psicologia-800x800-manuel-portela-768x768.jpg 768w, https:\/\/manuelportela.es\/nutricionista\/wp-content\/uploads\/2021\/02\/psicologia-800x800-manuel-portela-270x270.jpg 270w, https:\/\/manuelportela.es\/nutricionista\/wp-content\/uploads\/2021\/02\/psicologia-800x800-manuel-portela-230x230.jpg 230w, https:\/\/manuelportela.es\/nutricionista\/wp-content\/uploads\/2021\/02\/psicologia-800x800-manuel-portela-45x45.jpg 45w\" sizes=\"(max-width: 200px) 100vw, 200px\" \/><\/a><\/figure><\/div>\n\n\n\n<h3 class=\"has-text-align-center\"><a href=\"https:\/\/manuelportela.es\/nutricionista\/index.php\/unidades-de-nutricion\/nutricion-clinica-y-psicologia\/\" data-type=\"URL\" data-id=\"https:\/\/manuelportela.es\/nutricionista\/index.php\/unidades-de-nutricion\/nutricion-clinica-y-psicologia\/\">Nutrici\u00f3n cl\u00ednica y psicolog\u00eda<\/a><\/h3>\n\n\n\n<p class=\"has-text-align-center has-medium-font-size\">Ayuda psicol\u00f3gica en diferentes procesos de salud.<\/p>\n<\/div>\n\n\n\n<div class=\"wp-block-column\">\n<div class=\"wp-block-image\"><figure class=\"aligncenter size-large is-resized\"><a href=\"https:\/\/manuelportela.es\/nutricionista\/index.php\/unidades-de-nutricion\/nutricion-clinica-y-divulgacion-cientifica\/\"><img loading=\"lazy\" src=\"https:\/\/manuelportela.es\/nutricionista\/wp-content\/uploads\/2021\/02\/divulgacion-800x800-manuel-portela.jpg\" alt=\"\" class=\"wp-image-1124\" width=\"200\" height=\"200\" srcset=\"https:\/\/manuelportela.es\/nutricionista\/wp-content\/uploads\/2021\/02\/divulgacion-800x800-manuel-portela.jpg 800w, https:\/\/manuelportela.es\/nutricionista\/wp-content\/uploads\/2021\/02\/divulgacion-800x800-manuel-portela-300x300.jpg 300w, https:\/\/manuelportela.es\/nutricionista\/wp-content\/uploads\/2021\/02\/divulgacion-800x800-manuel-portela-150x150.jpg 150w, https:\/\/manuelportela.es\/nutricionista\/wp-content\/uploads\/2021\/02\/divulgacion-800x800-manuel-portela-768x768.jpg 768w, https:\/\/manuelportela.es\/nutricionista\/wp-content\/uploads\/2021\/02\/divulgacion-800x800-manuel-portela-270x270.jpg 270w, https:\/\/manuelportela.es\/nutricionista\/wp-content\/uploads\/2021\/02\/divulgacion-800x800-manuel-portela-230x230.jpg 230w, https:\/\/manuelportela.es\/nutricionista\/wp-content\/uploads\/2021\/02\/divulgacion-800x800-manuel-portela-45x45.jpg 45w\" sizes=\"(max-width: 200px) 100vw, 200px\" \/><\/a><\/figure><\/div>\n\n\n\n<h3 class=\"has-text-align-center\"><a href=\"https:\/\/manuelportela.es\/nutricionista\/index.php\/unidades-de-nutricion\/nutricion-clinica-y-divulgacion-cientifica\/\" data-type=\"URL\" data-id=\"https:\/\/manuelportela.es\/nutricionista\/index.php\/unidades-de-nutricion\/nutricion-clinica-y-divulgacion-cientifica\/\">Nutrici\u00f3n cl\u00ednica y divulgaci\u00f3n<\/a><\/h3>\n\n\n\n<p class=\"has-text-align-center has-medium-font-size\">Charlas y talleres de divulgaci\u00f3n cient\u00edfica nutricional.<\/p>\n<\/div>\n\n\n\n<div class=\"wp-block-column\">\n<div class=\"wp-block-image\"><figure class=\"aligncenter size-large is-resized\"><a href=\"https:\/\/manuelportela.es\/nutricionista\/index.php\/unidades-de-nutricion\/nutricion-clinica-y-ejercicio-fisico\/\"><img loading=\"lazy\" src=\"https:\/\/manuelportela.es\/nutricionista\/wp-content\/uploads\/2021\/02\/ejercicio-800x800-manuel-portela.jpg\" alt=\"\" class=\"wp-image-1125\" width=\"200\" height=\"200\" srcset=\"https:\/\/manuelportela.es\/nutricionista\/wp-content\/uploads\/2021\/02\/ejercicio-800x800-manuel-portela.jpg 800w, https:\/\/manuelportela.es\/nutricionista\/wp-content\/uploads\/2021\/02\/ejercicio-800x800-manuel-portela-300x300.jpg 300w, https:\/\/manuelportela.es\/nutricionista\/wp-content\/uploads\/2021\/02\/ejercicio-800x800-manuel-portela-150x150.jpg 150w, https:\/\/manuelportela.es\/nutricionista\/wp-content\/uploads\/2021\/02\/ejercicio-800x800-manuel-portela-768x768.jpg 768w, https:\/\/manuelportela.es\/nutricionista\/wp-content\/uploads\/2021\/02\/ejercicio-800x800-manuel-portela-270x270.jpg 270w, https:\/\/manuelportela.es\/nutricionista\/wp-content\/uploads\/2021\/02\/ejercicio-800x800-manuel-portela-230x230.jpg 230w, https:\/\/manuelportela.es\/nutricionista\/wp-content\/uploads\/2021\/02\/ejercicio-800x800-manuel-portela-45x45.jpg 45w\" sizes=\"(max-width: 200px) 100vw, 200px\" \/><\/a><\/figure><\/div>\n\n\n\n<h3 class=\"has-text-align-center\"><a href=\"https:\/\/manuelportela.es\/nutricionista\/index.php\/unidades-de-nutricion\/nutricion-clinica-y-ejercicio-fisico\/\" data-type=\"URL\" data-id=\"https:\/\/manuelportela.es\/nutricionista\/index.php\/unidades-de-nutricion\/nutricion-clinica-y-ejercicio-fisico\/\">Nutrici\u00f3n cl\u00ednica y ejercicio <\/a><\/h3>\n\n\n\n<p class=\"has-text-align-center has-medium-font-size\">Ejercicio dirigido adaptado para la mejora de la salud.<\/p>\n<\/div>\n<\/div>\n\n\n\n<div style=\"height:100px\" aria-hidden=\"true\" class=\"wp-block-spacer\"><\/div>\n\n\n\n<div class=\"wp-block-columns\">\n<div class=\"wp-block-column\"><\/div>\n\n\n\n<div class=\"wp-block-column\">\n<div class=\"wp-block-image\"><figure class=\"aligncenter size-large is-resized\"><a href=\"https:\/\/manuelportela.es\/nutricionista\/index.php\/unidades-de-nutricion\/nutricion-clinica-y-empresas\/\"><img loading=\"lazy\" src=\"https:\/\/manuelportela.es\/nutricionista\/wp-content\/uploads\/2021\/02\/empresas-800x800-manuel-portela.jpg\" alt=\"\" class=\"wp-image-1126\" width=\"200\" height=\"200\" srcset=\"https:\/\/manuelportela.es\/nutricionista\/wp-content\/uploads\/2021\/02\/empresas-800x800-manuel-portela.jpg 800w, https:\/\/manuelportela.es\/nutricionista\/wp-content\/uploads\/2021\/02\/empresas-800x800-manuel-portela-300x300.jpg 300w, https:\/\/manuelportela.es\/nutricionista\/wp-content\/uploads\/2021\/02\/empresas-800x800-manuel-portela-150x150.jpg 150w, https:\/\/manuelportela.es\/nutricionista\/wp-content\/uploads\/2021\/02\/empresas-800x800-manuel-portela-768x768.jpg 768w, https:\/\/manuelportela.es\/nutricionista\/wp-content\/uploads\/2021\/02\/empresas-800x800-manuel-portela-270x270.jpg 270w, https:\/\/manuelportela.es\/nutricionista\/wp-content\/uploads\/2021\/02\/empresas-800x800-manuel-portela-230x230.jpg 230w, https:\/\/manuelportela.es\/nutricionista\/wp-content\/uploads\/2021\/02\/empresas-800x800-manuel-portela-45x45.jpg 45w\" sizes=\"(max-width: 200px) 100vw, 200px\" \/><\/a><\/figure><\/div>\n\n\n\n<h3 class=\"has-text-align-center\"><a href=\"https:\/\/manuelportela.es\/nutricionista\/index.php\/unidades-de-nutricion\/nutricion-clinica-y-empresas\/\" data-type=\"URL\" data-id=\"https:\/\/manuelportela.es\/nutricionista\/index.php\/unidades-de-nutricion\/nutricion-clinica-y-empresas\/\">Nutrici\u00f3n cl\u00ednica y empresas<\/a><\/h3>\n\n\n\n<p class=\"has-text-align-center has-medium-font-size\">Programas nutricionales adaptados a empresas seg\u00fan sus necesidades.<\/p>\n<\/div>\n\n\n\n<div class=\"wp-block-column\"><\/div>\n<\/div>\n\n\n\n<p><\/p>\n","protected":false},"excerpt":{"rendered":"<p>Unidades cl\u00ednicas Nuestros servicios est\u00e1n divididos en unidades cl\u00ednicas de atenci\u00f3n al paciente, de forma que se establecen departamentos con funciones y objetivos definidos, que interact\u00faan entre s\u00ed, para ofrecer un servicio completo y adaptado a las necesidades y patolog\u00edas<\/p>\n","protected":false},"author":2,"featured_media":0,"parent":0,"menu_order":0,"comment_status":"closed","ping_status":"closed","template":"","meta":[],"_links":{"self":[{"href":"https:\/\/manuelportela.es\/nutricionista\/wp-json\/wp\/v2\/pages\/796"}],"collection":[{"href":"https:\/\/manuelportela.es\/nutricionista\/wp-json\/wp\/v2\/pages"}],"about":[{"href":"https:\/\/manuelportela.es\/nutricionista\/wp-json\/wp\/v2\/types\/page"}],"author":[{"embeddable":true,"href":"https:\/\/manuelportela.es\/nutricionista\/wp-json\/wp\/v2\/users\/2"}],"replies":[{"embeddable":true,"href":"https:\/\/manuelportela.es\/nutricionista\/wp-json\/wp\/v2\/comments?post=796"}],"version-history":[{"count":19,"href":"https:\/\/manuelportela.es\/nutricionista\/wp-json\/wp\/v2\/pages\/796\/revisions"}],"predecessor-version":[{"id":1515,"href":"https:\/\/manuelportela.es\/nutricionista\/wp-json\/wp\/v2\/pages\/796\/revisions\/1515"}],"wp:attachment":[{"href":"https:\/\/manuelportela.es\/nutricionista\/wp-json\/wp\/v2\/media?parent=796"}],"curies":[{"name":"wp","href":"https:\/\/api.w.org\/{rel}","templated":true}]}}