{"id":803,"date":"2021-02-09T10:44:55","date_gmt":"2021-02-09T10:44:55","guid":{"rendered":"https:\/\/manuelportela.es\/nutricionista\/?page_id=803"},"modified":"2021-04-21T13:23:54","modified_gmt":"2021-04-21T11:23:54","slug":"nutricion-clinica-y-empresas","status":"publish","type":"page","link":"https:\/\/manuelportela.es\/nutricionista\/unidades-de-nutricion\/nutricion-clinica-y-empresas\/","title":{"rendered":"Nutrici\u00f3n cl\u00ednica y empresas"},"content":{"rendered":"\n<h3 class=\"has-text-align-center\"><strong>Programas nutricionales adaptados a empresas seg\u00fan sus necesidades.<\/strong><\/h3>\n\n\n\n<hr class=\"wp-block-separator is-style-wide\"\/>\n\n\n\n<div class=\"wp-block-columns\">\n<div class=\"wp-block-column\">\n<figure class=\"wp-block-image size-large\"><img loading=\"lazy\" width=\"800\" height=\"800\" src=\"https:\/\/manuelportela.es\/nutricionista\/wp-content\/uploads\/2021\/02\/empresas-800x800-1.jpg\" alt=\"\" class=\"wp-image-1156\" srcset=\"https:\/\/manuelportela.es\/nutricionista\/wp-content\/uploads\/2021\/02\/empresas-800x800-1.jpg 800w, https:\/\/manuelportela.es\/nutricionista\/wp-content\/uploads\/2021\/02\/empresas-800x800-1-300x300.jpg 300w, https:\/\/manuelportela.es\/nutricionista\/wp-content\/uploads\/2021\/02\/empresas-800x800-1-150x150.jpg 150w, https:\/\/manuelportela.es\/nutricionista\/wp-content\/uploads\/2021\/02\/empresas-800x800-1-768x768.jpg 768w, https:\/\/manuelportela.es\/nutricionista\/wp-content\/uploads\/2021\/02\/empresas-800x800-1-270x270.jpg 270w, https:\/\/manuelportela.es\/nutricionista\/wp-content\/uploads\/2021\/02\/empresas-800x800-1-230x230.jpg 230w, https:\/\/manuelportela.es\/nutricionista\/wp-content\/uploads\/2021\/02\/empresas-800x800-1-45x45.jpg 45w\" sizes=\"(max-width: 800px) 100vw, 800px\" \/><\/figure>\n<\/div>\n\n\n\n<div class=\"wp-block-column\">\n<p class=\"has-medium-font-size\">Desde hace a\u00f1os colaboramos con diferentes empresas, en la cuales promovemos programas adaptados a las particularidades de cada una.<\/p>\n\n\n\n<p class=\"has-medium-font-size\"> En estos programas, se proponen actividades encaminadas al cambio alimentario y mejora del estilo de vida de los trabajadores de estas empresas y de sus usuarios.<\/p>\n\n\n\n<p class=\"has-medium-font-size\">Dependiendo del tipo de empresa o centro educativo, se proponen diferentes tipos de programa o actuaci\u00f3n en funci\u00f3n del objetivo a alcanzar. <\/p>\n\n\n\n<p class=\"has-medium-font-size\">As\u00ed en un centro educativo, se pueden desarrollar distintos tipos de actuaci\u00f3n. Por ejemplo, charlas divulgativas, programas de ejercicio f\u00edsico, programas de antropometr\u00eda y seguimiento, elaboraci\u00f3n de men\u00fas escolares, &#8230;<\/p>\n\n\n\n<blockquote class=\"wp-block-quote\"><p>Programas de apoyo nutricional en residencias de la tercera edad<\/p><p>Programas dirigidos a centros educativos<\/p><p>Dise\u00f1o de patentes y desarrollo de productos en industrias alimentarias<\/p><p>Dise\u00f1o de men\u00fas en establecimientos de hosteler\u00eda y restauraci\u00f3n<\/p><\/blockquote>\n\n\n\n<p><\/p>\n\n\n\n<p><\/p>\n<\/div>\n<\/div>\n","protected":false},"excerpt":{"rendered":"<p>Programas nutricionales adaptados a empresas seg\u00fan sus necesidades. Desde hace a\u00f1os colaboramos con diferentes empresas, en la cuales promovemos programas adaptados a las particularidades de cada una. En estos programas, se proponen actividades encaminadas al cambio alimentario y mejora del<\/p>\n","protected":false},"author":2,"featured_media":1126,"parent":92,"menu_order":7,"comment_status":"closed","ping_status":"closed","template":"","meta":[],"_links":{"self":[{"href":"https:\/\/manuelportela.es\/nutricionista\/wp-json\/wp\/v2\/pages\/803"}],"collection":[{"href":"https:\/\/manuelportela.es\/nutricionista\/wp-json\/wp\/v2\/pages"}],"about":[{"href":"https:\/\/manuelportela.es\/nutricionista\/wp-json\/wp\/v2\/types\/page"}],"author":[{"embeddable":true,"href":"https:\/\/manuelportela.es\/nutricionista\/wp-json\/wp\/v2\/users\/2"}],"replies":[{"embeddable":true,"href":"https:\/\/manuelportela.es\/nutricionista\/wp-json\/wp\/v2\/comments?post=803"}],"version-history":[{"count":10,"href":"https:\/\/manuelportela.es\/nutricionista\/wp-json\/wp\/v2\/pages\/803\/revisions"}],"predecessor-version":[{"id":1550,"href":"https:\/\/manuelportela.es\/nutricionista\/wp-json\/wp\/v2\/pages\/803\/revisions\/1550"}],"up":[{"embeddable":true,"href":"https:\/\/manuelportela.es\/nutricionista\/wp-json\/wp\/v2\/pages\/92"}],"wp:featuredmedia":[{"embeddable":true,"href":"https:\/\/manuelportela.es\/nutricionista\/wp-json\/wp\/v2\/media\/1126"}],"wp:attachment":[{"href":"https:\/\/manuelportela.es\/nutricionista\/wp-json\/wp\/v2\/media?parent=803"}],"curies":[{"name":"wp","href":"https:\/\/api.w.org\/{rel}","templated":true}]}}